{"id":2,"date":"2022-01-16T21:44:06","date_gmt":"2022-01-16T20:44:06","guid":{"rendered":"https:\/\/trebeski.com\/?page_id=2"},"modified":"2022-01-16T21:44:06","modified_gmt":"2022-01-16T20:44:06","slug":"beispiel-seite","status":"publish","type":"page","link":"https:\/\/trebeski.com\/?page_id=2","title":{"rendered":"Beispiel-Seite"},"content":{"rendered":"<p>Dies ist eine Beispiel-Seite. Sie unterscheidet sich von Beitr\u00e4gen, weil sie stets an der selben Stelle bleibt und (bei den meisten Themes) in der Navigationsleiste angezeigt wird. Die meisten Leute starten mit einer \u201e\u00dcber uns\u201c-Seite mit einer Vorstellung f\u00fcr m\u00f6gliche Besucher der Website. Dort k\u00f6nnte zum Beispiel stehen:<\/p>\n<blockquote><p>Hallo! Tags\u00fcber arbeite ich als Fahrradkurier, nachts bin ich ein aufstrebender Schauspieler und dies hier ist mein Blog. Ich lebe in Berlin, habe einen gro\u00dfen Hund namens Jack, mag die Fantastischen Vier\u00a0und ein k\u00fchles Bier.<\/p><\/blockquote>\n<p>Als neuer WordPress-Anwender solltest du das <a href=\"https:\/\/trebeski.com\/wp-admin\/\">Dashboard<\/a> aufrufen, um diese Seite zu l\u00f6schen und statt dessen eine neue Seite mit deinem eigenen Inhalt erstellen. Viel Spa\u00df!<\/p>\n","protected":false},"excerpt":{"rendered":"<p>Dies ist eine Beispiel-Seite. Sie unterscheidet sich von Beitr\u00e4gen, weil sie stets an der selben Stelle bleibt und (bei den meisten Themes) in der Navigationsleiste angezeigt wird. Die meisten Leute starten mit einer \u201e\u00dcber uns\u201c-Seite mit einer Vorstellung f\u00fcr m\u00f6gliche Besucher der Website. Dort k\u00f6nnte zum Beispiel stehen: Hallo! Tags\u00fcber arbeite ich als Fahrradkurier, nachts &#8230; <a title=\"Beispiel-Seite\" class=\"read-more\" href=\"https:\/\/trebeski.com\/?page_id=2\" aria-label=\"More on Beispiel-Seite\">Leggi tutto<\/a><\/p>\n","protected":false},"author":1,"featured_media":0,"parent":0,"menu_order":0,"comment_status":"closed","ping_status":"open","template":"","meta":[],"yoast_head":"<!-- This site is optimized with the Yoast SEO plugin v21.8.1 - https:\/\/yoast.com\/wordpress\/plugins\/seo\/ -->\n<title>Beispiel-Seite - Trebeski<\/title>\n<meta name=\"robots\" content=\"index, follow, max-snippet:-1, max-image-preview:large, max-video-preview:-1\" \/>\n<link rel=\"canonical\" href=\"https:\/\/trebeski.com\/?page_id=2\" \/>\n<meta property=\"og:locale\" content=\"it_IT\" \/>\n<meta property=\"og:type\" content=\"article\" \/>\n<meta property=\"og:title\" content=\"Beispiel-Seite - Trebeski\" \/>\n<meta property=\"og:description\" content=\"Dies ist eine Beispiel-Seite. Sie unterscheidet sich von Beitr\u00e4gen, weil sie stets an der selben Stelle bleibt und (bei den meisten Themes) in der Navigationsleiste angezeigt wird. Die meisten Leute starten mit einer \u201e\u00dcber uns\u201c-Seite mit einer Vorstellung f\u00fcr m\u00f6gliche Besucher der Website. Dort k\u00f6nnte zum Beispiel stehen: Hallo! Tags\u00fcber arbeite ich als Fahrradkurier, nachts ... Leggi tutto\" \/>\n<meta property=\"og:url\" content=\"https:\/\/trebeski.com\/?page_id=2\" \/>\n<meta property=\"og:site_name\" content=\"Trebeski\" \/>\n<meta name=\"twitter:card\" content=\"summary_large_image\" \/>\n<meta name=\"twitter:label1\" content=\"Tempo di lettura stimato\" \/>\n\t<meta name=\"twitter:data1\" content=\"1 minuto\" \/>\n<script type=\"application\/ld+json\" class=\"yoast-schema-graph\">{\"@context\":\"https:\/\/schema.org\",\"@graph\":[{\"@type\":\"WebPage\",\"@id\":\"https:\/\/trebeski.com\/?page_id=2\",\"url\":\"https:\/\/trebeski.com\/?page_id=2\",\"name\":\"Beispiel-Seite - Trebeski\",\"isPartOf\":{\"@id\":\"https:\/\/trebeski.com\/#website\"},\"datePublished\":\"2022-01-16T20:44:06+00:00\",\"dateModified\":\"2022-01-16T20:44:06+00:00\",\"breadcrumb\":{\"@id\":\"https:\/\/trebeski.com\/?page_id=2#breadcrumb\"},\"inLanguage\":\"it-IT\",\"potentialAction\":[{\"@type\":\"ReadAction\",\"target\":[\"https:\/\/trebeski.com\/?page_id=2\"]}]},{\"@type\":\"BreadcrumbList\",\"@id\":\"https:\/\/trebeski.com\/?page_id=2#breadcrumb\",\"itemListElement\":[{\"@type\":\"ListItem\",\"position\":1,\"name\":\"Home\",\"item\":\"https:\/\/trebeski.com\/\"},{\"@type\":\"ListItem\",\"position\":2,\"name\":\"Beispiel-Seite\"}]},{\"@type\":\"WebSite\",\"@id\":\"https:\/\/trebeski.com\/#website\",\"url\":\"https:\/\/trebeski.com\/\",\"name\":\"Trebeski\",\"description\":\"Eine weitere WordPress Website\",\"potentialAction\":[{\"@type\":\"SearchAction\",\"target\":{\"@type\":\"EntryPoint\",\"urlTemplate\":\"https:\/\/trebeski.com\/?s={search_term_string}\"},\"query-input\":\"required name=search_term_string\"}],\"inLanguage\":\"it-IT\"}]}<\/script>\n<!-- \/ Yoast SEO plugin. -->","yoast_head_json":{"title":"Beispiel-Seite - Trebeski","robots":{"index":"index","follow":"follow","max-snippet":"max-snippet:-1","max-image-preview":"max-image-preview:large","max-video-preview":"max-video-preview:-1"},"canonical":"https:\/\/trebeski.com\/?page_id=2","og_locale":"it_IT","og_type":"article","og_title":"Beispiel-Seite - Trebeski","og_description":"Dies ist eine Beispiel-Seite. Sie unterscheidet sich von Beitr\u00e4gen, weil sie stets an der selben Stelle bleibt und (bei den meisten Themes) in der Navigationsleiste angezeigt wird. Die meisten Leute starten mit einer \u201e\u00dcber uns\u201c-Seite mit einer Vorstellung f\u00fcr m\u00f6gliche Besucher der Website. Dort k\u00f6nnte zum Beispiel stehen: Hallo! Tags\u00fcber arbeite ich als Fahrradkurier, nachts ... Leggi tutto","og_url":"https:\/\/trebeski.com\/?page_id=2","og_site_name":"Trebeski","twitter_card":"summary_large_image","twitter_misc":{"Tempo di lettura stimato":"1 minuto"},"schema":{"@context":"https:\/\/schema.org","@graph":[{"@type":"WebPage","@id":"https:\/\/trebeski.com\/?page_id=2","url":"https:\/\/trebeski.com\/?page_id=2","name":"Beispiel-Seite - Trebeski","isPartOf":{"@id":"https:\/\/trebeski.com\/#website"},"datePublished":"2022-01-16T20:44:06+00:00","dateModified":"2022-01-16T20:44:06+00:00","breadcrumb":{"@id":"https:\/\/trebeski.com\/?page_id=2#breadcrumb"},"inLanguage":"it-IT","potentialAction":[{"@type":"ReadAction","target":["https:\/\/trebeski.com\/?page_id=2"]}]},{"@type":"BreadcrumbList","@id":"https:\/\/trebeski.com\/?page_id=2#breadcrumb","itemListElement":[{"@type":"ListItem","position":1,"name":"Home","item":"https:\/\/trebeski.com\/"},{"@type":"ListItem","position":2,"name":"Beispiel-Seite"}]},{"@type":"WebSite","@id":"https:\/\/trebeski.com\/#website","url":"https:\/\/trebeski.com\/","name":"Trebeski","description":"Eine weitere WordPress Website","potentialAction":[{"@type":"SearchAction","target":{"@type":"EntryPoint","urlTemplate":"https:\/\/trebeski.com\/?s={search_term_string}"},"query-input":"required name=search_term_string"}],"inLanguage":"it-IT"}]}},"_links":{"self":[{"href":"https:\/\/trebeski.com\/index.php?rest_route=\/wp\/v2\/pages\/2"}],"collection":[{"href":"https:\/\/trebeski.com\/index.php?rest_route=\/wp\/v2\/pages"}],"about":[{"href":"https:\/\/trebeski.com\/index.php?rest_route=\/wp\/v2\/types\/page"}],"author":[{"embeddable":true,"href":"https:\/\/trebeski.com\/index.php?rest_route=\/wp\/v2\/users\/1"}],"replies":[{"embeddable":true,"href":"https:\/\/trebeski.com\/index.php?rest_route=%2Fwp%2Fv2%2Fcomments&post=2"}],"version-history":[{"count":0,"href":"https:\/\/trebeski.com\/index.php?rest_route=\/wp\/v2\/pages\/2\/revisions"}],"wp:attachment":[{"href":"https:\/\/trebeski.com\/index.php?rest_route=%2Fwp%2Fv2%2Fmedia&parent=2"}],"curies":[{"name":"wp","href":"https:\/\/api.w.org\/{rel}","templated":true}]}}